{"id":36,"date":"2020-06-21T09:47:57","date_gmt":"2020-06-21T09:47:57","guid":{"rendered":"http:\/\/forraspanzio.ro\/?page_id=36"},"modified":"2022-06-08T15:08:49","modified_gmt":"2022-06-08T15:08:49","slug":"araink","status":"publish","type":"page","link":"https:\/\/forraspanzio.ro\/index.php\/araink\/","title":{"rendered":"\u00c1raink"},"content":{"rendered":"\t\t<div data-elementor-type=\"wp-page\" data-elementor-id=\"36\" class=\"elementor elementor-36\" data-elementor-settings=\"[]\">\n\t\t\t\t\t\t<div class=\"elementor-inner\">\n\t\t\t\t\t\t\t<div class=\"elementor-section-wrap\">\n\t\t\t\t\t\t\t<section class=\"elementor-section elementor-top-section elementor-element elementor-element-1b3d3ee0 elementor-section-boxed elementor-section-height-default elementor-section-height-default\" data-id=\"1b3d3ee0\" data-element_type=\"section\">\n\t\t\t\t\t\t<div class=\"elementor-container elementor-column-gap-default\">\n\t\t\t\t\t\t\t<div class=\"elementor-row\">\n\t\t\t\t\t<div class=\"elementor-column elementor-col-100 elementor-top-column elementor-element elementor-element-15c8c291\" data-id=\"15c8c291\" data-element_type=\"column\">\n\t\t\t<div class=\"elementor-column-wrap elementor-element-populated\">\n\t\t\t\t\t\t\t<div class=\"elementor-widget-wrap\">\n\t\t\t\t\t\t<div class=\"elementor-element elementor-element-b561b44 elementor-nav-menu__align-center elementor-nav-menu--indicator-classic elementor-nav-menu--dropdown-tablet elementor-nav-menu__text-align-aside elementor-nav-menu--toggle elementor-nav-menu--burger elementor-widget elementor-widget-nav-menu\" data-id=\"b561b44\" data-element_type=\"widget\" data-settings=\"{&quot;layout&quot;:&quot;horizontal&quot;,&quot;toggle&quot;:&quot;burger&quot;}\" data-widget_type=\"nav-menu.default\">\n\t\t\t\t<div class=\"elementor-widget-container\">\n\t\t\t\t\t\t<nav role=\"navigation\" class=\"elementor-nav-menu--main elementor-nav-menu__container elementor-nav-menu--layout-horizontal e--pointer-underline e--animation-fade\"><ul id=\"menu-1-b561b44\" class=\"elementor-nav-menu\"><li class=\"menu-item menu-item-type-post_type menu-item-object-page menu-item-home menu-item-194\"><a href=\"https:\/\/forraspanzio.ro\/\" class=\"elementor-item\">Home<\/a><\/li>\n<li class=\"menu-item menu-item-type-post_type menu-item-object-page menu-item-199\"><a href=\"https:\/\/forraspanzio.ro\/index.php\/solgaltatasaink\/\" class=\"elementor-item\">Szolg\u00e1ltat\u00e1saink<\/a><\/li>\n<li class=\"menu-item menu-item-type-post_type menu-item-object-page menu-item-198\"><a href=\"https:\/\/forraspanzio.ro\/index.php\/szallas\/\" class=\"elementor-item\">Sz\u00e1ll\u00e1s<\/a><\/li>\n<li class=\"menu-item menu-item-type-post_type menu-item-object-page menu-item-195\"><a href=\"https:\/\/forraspanzio.ro\/index.php\/araink\/\" class=\"elementor-item\">\u00c1raink<\/a><\/li>\n<li class=\"menu-item menu-item-type-post_type menu-item-object-page menu-item-197\"><a href=\"https:\/\/forraspanzio.ro\/index.php\/kapcsolat\/\" class=\"elementor-item\">Kapcsolat<\/a><\/li>\n<li class=\"menu-item menu-item-type-post_type menu-item-object-page menu-item-196\"><a href=\"https:\/\/forraspanzio.ro\/index.php\/galeria\/\" class=\"elementor-item\">Gal\u00e9ria<\/a><\/li>\n<\/ul><\/nav>\n\t\t\t\t\t<div class=\"elementor-menu-toggle\" role=\"button\" tabindex=\"0\" aria-label=\"Menu Toggle\" aria-expanded=\"false\">\n\t\t\t<i class=\"eicon-menu-bar\" aria-hidden=\"true\"><\/i>\n\t\t\t<span class=\"elementor-screen-only\">Menu<\/span>\n\t\t<\/div>\n\t\t\t<nav class=\"elementor-nav-menu--dropdown elementor-nav-menu__container\" role=\"navigation\" aria-hidden=\"true\"><ul id=\"menu-2-b561b44\" class=\"elementor-nav-menu\"><li class=\"menu-item menu-item-type-post_type menu-item-object-page menu-item-home menu-item-194\"><a href=\"https:\/\/forraspanzio.ro\/\" class=\"elementor-item\">Home<\/a><\/li>\n<li class=\"menu-item menu-item-type-post_type menu-item-object-page menu-item-199\"><a href=\"https:\/\/forraspanzio.ro\/index.php\/solgaltatasaink\/\" class=\"elementor-item\">Szolg\u00e1ltat\u00e1saink<\/a><\/li>\n<li class=\"menu-item menu-item-type-post_type menu-item-object-page menu-item-198\"><a href=\"https:\/\/forraspanzio.ro\/index.php\/szallas\/\" class=\"elementor-item\">Sz\u00e1ll\u00e1s<\/a><\/li>\n<li class=\"menu-item menu-item-type-post_type menu-item-object-page menu-item-195\"><a href=\"https:\/\/forraspanzio.ro\/index.php\/araink\/\" class=\"elementor-item\">\u00c1raink<\/a><\/li>\n<li class=\"menu-item menu-item-type-post_type menu-item-object-page menu-item-197\"><a href=\"https:\/\/forraspanzio.ro\/index.php\/kapcsolat\/\" class=\"elementor-item\">Kapcsolat<\/a><\/li>\n<li class=\"menu-item menu-item-type-post_type menu-item-object-page menu-item-196\"><a href=\"https:\/\/forraspanzio.ro\/index.php\/galeria\/\" class=\"elementor-item\">Gal\u00e9ria<\/a><\/li>\n<\/ul><\/nav>\n\t\t\t\t<\/div>\n\t\t\t\t<\/div>\n\t\t\t\t\t\t<\/div>\n\t\t\t\t\t<\/div>\n\t\t<\/div>\n\t\t\t\t\t\t\t\t<\/div>\n\t\t\t\t\t<\/div>\n\t\t<\/section>\n\t\t\t\t<section class=\"elementor-section elementor-top-section elementor-element elementor-element-46caea7 elementor-section-boxed elementor-section-height-default elementor-section-height-default\" data-id=\"46caea7\" data-element_type=\"section\">\n\t\t\t\t\t\t<div class=\"elementor-container elementor-column-gap-default\">\n\t\t\t\t\t\t\t<div class=\"elementor-row\">\n\t\t\t\t\t<div class=\"elementor-column elementor-col-100 elementor-top-column elementor-element elementor-element-1fa0dee\" data-id=\"1fa0dee\" data-element_type=\"column\">\n\t\t\t<div class=\"elementor-column-wrap elementor-element-populated\">\n\t\t\t\t\t\t\t<div class=\"elementor-widget-wrap\">\n\t\t\t\t\t\t<div class=\"elementor-element elementor-element-78e4280 elementor-arrows-position-inside elementor-widget elementor-widget-image-carousel\" data-id=\"78e4280\" data-element_type=\"widget\" data-settings=\"{&quot;navigation&quot;:&quot;arrows&quot;,&quot;autoplay_speed&quot;:3500,&quot;autoplay&quot;:&quot;yes&quot;,&quot;pause_on_hover&quot;:&quot;yes&quot;,&quot;pause_on_interaction&quot;:&quot;yes&quot;,&quot;infinite&quot;:&quot;yes&quot;,&quot;speed&quot;:500}\" data-widget_type=\"image-carousel.default\">\n\t\t\t\t<div class=\"elementor-widget-container\">\n\t\t\t\t\t<div class=\"elementor-image-carousel-wrapper swiper-container\" dir=\"ltr\">\n\t\t\t<div class=\"elementor-image-carousel swiper-wrapper\">\n\t\t\t\t<div class=\"swiper-slide\"><figure class=\"swiper-slide-inner\"><img decoding=\"async\" class=\"swiper-slide-image\" src=\"https:\/\/forraspanzio.ro\/wp-content\/uploads\/2020\/06\/2_0.jpg\" alt=\"forras panzio\" \/><\/figure><\/div><div class=\"swiper-slide\"><figure class=\"swiper-slide-inner\"><img decoding=\"async\" class=\"swiper-slide-image\" src=\"https:\/\/forraspanzio.ro\/wp-content\/uploads\/2020\/06\/3_0.jpg\" alt=\"forras panzio\" \/><\/figure><\/div><div class=\"swiper-slide\"><figure class=\"swiper-slide-inner\"><img decoding=\"async\" class=\"swiper-slide-image\" src=\"https:\/\/forraspanzio.ro\/wp-content\/uploads\/2020\/06\/1_0.jpg\" alt=\"forras panzio\" \/><\/figure><\/div>\t\t\t<\/div>\n\t\t\t\t\t\t\t\t\t\t\t\t\t\t\t\t<div class=\"elementor-swiper-button elementor-swiper-button-prev\">\n\t\t\t\t\t\t<i class=\"eicon-chevron-left\" aria-hidden=\"true\"><\/i>\n\t\t\t\t\t\t<span class=\"elementor-screen-only\">Previous<\/span>\n\t\t\t\t\t<\/div>\n\t\t\t\t\t<div class=\"elementor-swiper-button elementor-swiper-button-next\">\n\t\t\t\t\t\t<i class=\"eicon-chevron-right\" aria-hidden=\"true\"><\/i>\n\t\t\t\t\t\t<span class=\"elementor-screen-only\">Next<\/span>\n\t\t\t\t\t<\/div>\n\t\t\t\t\t\t\t\t\t<\/div>\n\t\t\t\t<\/div>\n\t\t\t\t<\/div>\n\t\t\t\t\t\t<\/div>\n\t\t\t\t\t<\/div>\n\t\t<\/div>\n\t\t\t\t\t\t\t\t<\/div>\n\t\t\t\t\t<\/div>\n\t\t<\/section>\n\t\t\t\t<section class=\"elementor-section elementor-top-section elementor-element elementor-element-b5f7148 elementor-section-boxed elementor-section-height-default elementor-section-height-default\" data-id=\"b5f7148\" data-element_type=\"section\">\n\t\t\t\t\t\t<div class=\"elementor-container elementor-column-gap-default\">\n\t\t\t\t\t\t\t<div class=\"elementor-row\">\n\t\t\t\t\t<div class=\"elementor-column elementor-col-100 elementor-top-column elementor-element elementor-element-e3e21de\" data-id=\"e3e21de\" data-element_type=\"column\">\n\t\t\t<div class=\"elementor-column-wrap elementor-element-populated\">\n\t\t\t\t\t\t\t<div class=\"elementor-widget-wrap\">\n\t\t\t\t\t\t<div class=\"elementor-element elementor-element-1647da8 elementor-widget elementor-widget-text-editor\" data-id=\"1647da8\" data-element_type=\"widget\" data-widget_type=\"text-editor.default\">\n\t\t\t\t<div class=\"elementor-widget-container\">\n\t\t\t\t\t\t\t\t<div class=\"elementor-text-editor elementor-clearfix\">\n\t\t\t\t\t<p><!-- wp:paragraph --><\/p>\n<p>\u00a0 \u00a0 \u00a0Szeretettel v\u00e1rjuk csal\u00e1dias panzi\u00f3nkban, k\u00e9t- h\u00e1rom illetve n\u00e9gyszem\u00e9lyes szob\u00e1ink mindegyike saj\u00e1t f\u00fcrd\u0151szob\u00e1val, h\u0171t\u0151szekr\u00e9nnyel felszerelt, hogy \u00d6nnek min\u00e9l k\u00e9nyelmesebbek legyenek az itt elt\u00f6lt\u00f6tt napjai. Kisgyermekes csal\u00e1doknak aj\u00e1nlani tudunk k\u00e9t l\u00e9gteres n\u00e9gyf\u0151s szob\u00e1t.<\/p>\n<p><!-- \/wp:paragraph --><\/p>\n<p><!-- wp:paragraph --><\/p>\n<p>\u00a0 \u00a0 A WIFI -s internetel\u00e9r\u00e9s a k\u00f6z\u00f6s terekben \u00e9s a parkol\u00f3k d\u00edjmentesen haszn\u00e1lhat\u00f3ak.<\/p>\n<p><!-- \/wp:paragraph --><\/p>\n<p><!-- wp:paragraph --><\/p>\n<p>Bejelentkez\u00e9s: 14:00 \u00f3r\u00e1t\u00f3l<\/p>\n<p><!-- \/wp:paragraph --><\/p>\n<p><!-- wp:paragraph --><\/p>\n<p>Kijelentkez\u00e9s: 10:00 \u00f3r\u00e1ig<\/p>\n<p><!-- \/wp:paragraph --><\/p>\n<p><!-- wp:paragraph --><\/p>\n<p>Sz\u00e1ll\u00e1s \u00e1raink:<\/p>\n<p><!-- \/wp:paragraph --><\/p>\n<p><!-- wp:table --><\/p>\n<figure class=\"wp-block-table\">\n<table>\n<tbody>\n<tr>\n<td>2 szem\u00e9lyes szoba<\/td>\n<td>200 RON\/\u00e9j \u00a0<\/td>\n<\/tr>\n<tr>\n<td>3 szem\u00e9lyes szoba \u00a0<\/td>\n<td>300 RON\/\u00e9j \u00a0<\/td>\n<\/tr>\n<tr>\n<td>4 szem\u00e9lyes szoba \u00a0<\/td>\n<td>400 RON\/\u00e9j \u00a0<\/td>\n<\/tr>\n<\/tbody>\n<\/table>\n<\/figure>\n<p><!-- \/wp:table --><\/p>\n<p><!-- wp:paragraph --><\/p>\n<p>\u00a0 \u00a0 K\u00e9r\u00e9sre reggelit \u00e9s f\u00e9lpanzi\u00f3s ell\u00e1t\u00e1st biztos\u00edtunk !<\/p>\n<p><!-- \/wp:paragraph --><\/p>\n<p><!-- wp:paragraph --><\/p>\n<p>\u00a0<\/p>\n<p><!-- \/wp:list --><\/p>\n<p><!-- wp:paragraph --><\/p>\n<p>Csoportkedvezm\u00e9ny!<\/p>\n<p><!-- \/wp:paragraph --><\/p>\n<p><!-- wp:paragraph --><\/p>\n<p>\u00a0 \u00a0 Csoport eset\u00e9n kedvezm\u00e9nyt biztos\u00edtunk, sof\u0151r vagy idegenvezet\u0151 ingyenes ell\u00e1t\u00e1sban r\u00e9szes\u00fcl! \u00c1raink f\u00fcggnek a csoport l\u00e9tsz\u00e1m\u00e1t\u00f3l, az egy\u00e9ni ig\u00e9nyekt\u0151l, ez\u00e9rt \u00e1raj\u00e1nlat\u00e9rt forduljon hozz\u00e1nk bizalommal.<\/p>\n<p><!-- \/wp:paragraph --><\/p>\n<p><!-- wp:paragraph --><\/p>\n<p>\u00a0 \u00a0 \u00c1raink tartalmazz\u00e1k az \u00e1fa-t \u00e9s az IFA-t! \u00c1raink nem vonatkoznak a h\u00fasv\u00e9ti, p\u00fcnk\u00f6sdi \u00e9s szilveszteri id\u0151szakra, ilyenkor akci\u00f3s csomag aj\u00e1nlatokkal v\u00e1rjuk vend\u00e9geink<\/p>\n<p><!-- \/wp:paragraph --><\/p>\t\t\t\t\t<\/div>\n\t\t\t\t\t\t<\/div>\n\t\t\t\t<\/div>\n\t\t\t\t\t\t<\/div>\n\t\t\t\t\t<\/div>\n\t\t<\/div>\n\t\t\t\t\t\t\t\t<\/div>\n\t\t\t\t\t<\/div>\n\t\t<\/section>\n\t\t\t\t\t\t<\/div>\n\t\t\t\t\t\t<\/div>\n\t\t\t\t\t<\/div>\n\t\t","protected":false},"excerpt":{"rendered":"<p>Previous Next \u00a0 \u00a0 \u00a0Szeretettel v\u00e1rjuk csal\u00e1dias panzi\u00f3nkban, k\u00e9t- h\u00e1rom illetve n\u00e9gyszem\u00e9lyes szob\u00e1ink mindegyike saj\u00e1t f\u00fcrd\u0151szob\u00e1val, h\u0171t\u0151szekr\u00e9nnyel felszerelt, hogy \u00d6nnek min\u00e9l k\u00e9nyelmesebbek legyenek az itt elt\u00f6lt\u00f6tt napjai. Kisgyermekes csal\u00e1doknak aj\u00e1nlani tudunk k\u00e9t l\u00e9gteres n\u00e9gyf\u0151s szob\u00e1t. \u00a0 \u00a0 A WIFI -s internetel\u00e9r\u00e9s a k\u00f6z\u00f6s terekben \u00e9s a parkol\u00f3k d\u00edjmentesen haszn\u00e1lhat\u00f3ak. Bejelentkez\u00e9s: 14:00 \u00f3r\u00e1t\u00f3l Kijelentkez\u00e9s: 10:00 \u00f3r\u00e1ig Sz\u00e1ll\u00e1s \u00e1raink: 2 szem\u00e9lyes szoba &hellip; <\/p>\n","protected":false},"author":1,"featured_media":0,"parent":0,"menu_order":0,"comment_status":"closed","ping_status":"closed","template":"","meta":{"footnotes":""},"class_list":["post-36","page","type-page","status-publish","hentry"],"_links":{"self":[{"href":"https:\/\/forraspanzio.ro\/index.php\/wp-json\/wp\/v2\/pages\/36","targetHints":{"allow":["GET"]}}],"collection":[{"href":"https:\/\/forraspanzio.ro\/index.php\/wp-json\/wp\/v2\/pages"}],"about":[{"href":"https:\/\/forraspanzio.ro\/index.php\/wp-json\/wp\/v2\/types\/page"}],"author":[{"embeddable":true,"href":"https:\/\/forraspanzio.ro\/index.php\/wp-json\/wp\/v2\/users\/1"}],"replies":[{"embeddable":true,"href":"https:\/\/forraspanzio.ro\/index.php\/wp-json\/wp\/v2\/comments?post=36"}],"version-history":[{"count":3,"href":"https:\/\/forraspanzio.ro\/index.php\/wp-json\/wp\/v2\/pages\/36\/revisions"}],"predecessor-version":[{"id":241,"href":"https:\/\/forraspanzio.ro\/index.php\/wp-json\/wp\/v2\/pages\/36\/revisions\/241"}],"wp:attachment":[{"href":"https:\/\/forraspanzio.ro\/index.php\/wp-json\/wp\/v2\/media?parent=36"}],"curies":[{"name":"wp","href":"https:\/\/api.w.org\/{rel}","templated":true}]}}