{"id":2,"date":"2020-06-20T19:46:17","date_gmt":"2020-06-20T19:46:17","guid":{"rendered":"http:\/\/forraspanzio.ro\/?page_id=2"},"modified":"2026-02-15T09:54:15","modified_gmt":"2026-02-15T09:54:15","slug":"sample-page","status":"publish","type":"page","link":"https:\/\/forraspanzio.ro\/","title":{"rendered":"Forr\u00e1s Panzi\u00f3"},"content":{"rendered":"\t\t<div data-elementor-type=\"wp-page\" data-elementor-id=\"2\" class=\"elementor elementor-2\" data-elementor-settings=\"[]\">\n\t\t\t\t\t\t<div class=\"elementor-inner\">\n\t\t\t\t\t\t\t<div class=\"elementor-section-wrap\">\n\t\t\t\t\t\t\t<section class=\"elementor-section elementor-top-section elementor-element elementor-element-7ea17ef elementor-section-boxed elementor-section-height-default elementor-section-height-default\" data-id=\"7ea17ef\" data-element_type=\"section\">\n\t\t\t\t\t\t<div class=\"elementor-container elementor-column-gap-default\">\n\t\t\t\t\t\t\t<div class=\"elementor-row\">\n\t\t\t\t\t<div class=\"elementor-column elementor-col-100 elementor-top-column elementor-element elementor-element-c79c9b5\" data-id=\"c79c9b5\" data-element_type=\"column\">\n\t\t\t<div class=\"elementor-column-wrap elementor-element-populated\">\n\t\t\t\t\t\t\t<div class=\"elementor-widget-wrap\">\n\t\t\t\t\t\t<div class=\"elementor-element elementor-element-bee87f7 elementor-widget elementor-widget-text-editor\" data-id=\"bee87f7\" data-element_type=\"widget\" data-widget_type=\"text-editor.default\">\n\t\t\t\t<div class=\"elementor-widget-container\">\n\t\t\t\t\t\t\t\t<div class=\"elementor-text-editor elementor-clearfix\">\n\t\t\t\t\t\t\t\t\t\t<\/div>\n\t\t\t\t\t\t<\/div>\n\t\t\t\t<\/div>\n\t\t\t\t<div class=\"elementor-element elementor-element-2cfd34a elementor-nav-menu--indicator-classic elementor-nav-menu--dropdown-tablet elementor-nav-menu__text-align-aside elementor-nav-menu--toggle elementor-nav-menu--burger elementor-widget elementor-widget-nav-menu\" data-id=\"2cfd34a\" data-element_type=\"widget\" data-settings=\"{&quot;layout&quot;:&quot;horizontal&quot;,&quot;toggle&quot;:&quot;burger&quot;}\" data-widget_type=\"nav-menu.default\">\n\t\t\t\t<div class=\"elementor-widget-container\">\n\t\t\t\t\t\t<nav role=\"navigation\" class=\"elementor-nav-menu--main elementor-nav-menu__container elementor-nav-menu--layout-horizontal e--pointer-underline e--animation-fade\"><ul id=\"menu-1-2cfd34a\" class=\"elementor-nav-menu\"><li class=\"menu-item menu-item-type-post_type menu-item-object-page menu-item-home menu-item-194\"><a href=\"https:\/\/forraspanzio.ro\/\" class=\"elementor-item\">Home<\/a><\/li>\n<li class=\"menu-item menu-item-type-post_type menu-item-object-page menu-item-199\"><a href=\"https:\/\/forraspanzio.ro\/index.php\/solgaltatasaink\/\" class=\"elementor-item\">Szolg\u00e1ltat\u00e1saink<\/a><\/li>\n<li class=\"menu-item menu-item-type-post_type menu-item-object-page menu-item-198\"><a href=\"https:\/\/forraspanzio.ro\/index.php\/szallas\/\" class=\"elementor-item\">Sz\u00e1ll\u00e1s<\/a><\/li>\n<li class=\"menu-item menu-item-type-post_type menu-item-object-page menu-item-195\"><a href=\"https:\/\/forraspanzio.ro\/index.php\/araink\/\" class=\"elementor-item\">\u00c1raink<\/a><\/li>\n<li class=\"menu-item menu-item-type-post_type menu-item-object-page menu-item-197\"><a href=\"https:\/\/forraspanzio.ro\/index.php\/kapcsolat\/\" class=\"elementor-item\">Kapcsolat<\/a><\/li>\n<li class=\"menu-item menu-item-type-post_type menu-item-object-page menu-item-196\"><a href=\"https:\/\/forraspanzio.ro\/index.php\/galeria\/\" class=\"elementor-item\">Gal\u00e9ria<\/a><\/li>\n<\/ul><\/nav>\n\t\t\t\t\t<div class=\"elementor-menu-toggle\" role=\"button\" tabindex=\"0\" aria-label=\"Menu Toggle\" aria-expanded=\"false\">\n\t\t\t<i class=\"eicon-menu-bar\" aria-hidden=\"true\"><\/i>\n\t\t\t<span class=\"elementor-screen-only\">Menu<\/span>\n\t\t<\/div>\n\t\t\t<nav class=\"elementor-nav-menu--dropdown elementor-nav-menu__container\" role=\"navigation\" aria-hidden=\"true\"><ul id=\"menu-2-2cfd34a\" class=\"elementor-nav-menu\"><li class=\"menu-item menu-item-type-post_type menu-item-object-page menu-item-home menu-item-194\"><a href=\"https:\/\/forraspanzio.ro\/\" class=\"elementor-item\">Home<\/a><\/li>\n<li class=\"menu-item menu-item-type-post_type menu-item-object-page menu-item-199\"><a href=\"https:\/\/forraspanzio.ro\/index.php\/solgaltatasaink\/\" class=\"elementor-item\">Szolg\u00e1ltat\u00e1saink<\/a><\/li>\n<li class=\"menu-item menu-item-type-post_type menu-item-object-page menu-item-198\"><a href=\"https:\/\/forraspanzio.ro\/index.php\/szallas\/\" class=\"elementor-item\">Sz\u00e1ll\u00e1s<\/a><\/li>\n<li class=\"menu-item menu-item-type-post_type menu-item-object-page menu-item-195\"><a href=\"https:\/\/forraspanzio.ro\/index.php\/araink\/\" class=\"elementor-item\">\u00c1raink<\/a><\/li>\n<li class=\"menu-item menu-item-type-post_type menu-item-object-page menu-item-197\"><a href=\"https:\/\/forraspanzio.ro\/index.php\/kapcsolat\/\" class=\"elementor-item\">Kapcsolat<\/a><\/li>\n<li class=\"menu-item menu-item-type-post_type menu-item-object-page menu-item-196\"><a href=\"https:\/\/forraspanzio.ro\/index.php\/galeria\/\" class=\"elementor-item\">Gal\u00e9ria<\/a><\/li>\n<\/ul><\/nav>\n\t\t\t\t<\/div>\n\t\t\t\t<\/div>\n\t\t\t\t<div class=\"elementor-element elementor-element-d813f4f elementor-arrows-position-inside elementor-widget elementor-widget-image-carousel\" data-id=\"d813f4f\" data-element_type=\"widget\" data-settings=\"{&quot;slides_to_show&quot;:&quot;1&quot;,&quot;navigation&quot;:&quot;arrows&quot;,&quot;autoplay_speed&quot;:3500,&quot;autoplay&quot;:&quot;yes&quot;,&quot;pause_on_hover&quot;:&quot;yes&quot;,&quot;pause_on_interaction&quot;:&quot;yes&quot;,&quot;infinite&quot;:&quot;yes&quot;,&quot;effect&quot;:&quot;slide&quot;,&quot;speed&quot;:500}\" data-widget_type=\"image-carousel.default\">\n\t\t\t\t<div class=\"elementor-widget-container\">\n\t\t\t\t\t<div class=\"elementor-image-carousel-wrapper swiper-container\" dir=\"ltr\">\n\t\t\t<div class=\"elementor-image-carousel swiper-wrapper\">\n\t\t\t\t<div class=\"swiper-slide\"><figure class=\"swiper-slide-inner\"><img decoding=\"async\" class=\"swiper-slide-image\" src=\"https:\/\/forraspanzio.ro\/wp-content\/uploads\/2020\/06\/1_0-1024x651.jpg\" alt=\"forras panzio\" \/><\/figure><\/div><div class=\"swiper-slide\"><figure class=\"swiper-slide-inner\"><img decoding=\"async\" class=\"swiper-slide-image\" src=\"https:\/\/forraspanzio.ro\/wp-content\/uploads\/2020\/06\/2_0-1024x683.jpg\" alt=\"forras panzio\" \/><\/figure><\/div>\t\t\t<\/div>\n\t\t\t\t\t\t\t\t\t\t\t\t\t\t\t\t<div class=\"elementor-swiper-button elementor-swiper-button-prev\">\n\t\t\t\t\t\t<i class=\"eicon-chevron-left\" aria-hidden=\"true\"><\/i>\n\t\t\t\t\t\t<span class=\"elementor-screen-only\">Previous<\/span>\n\t\t\t\t\t<\/div>\n\t\t\t\t\t<div class=\"elementor-swiper-button elementor-swiper-button-next\">\n\t\t\t\t\t\t<i class=\"eicon-chevron-right\" aria-hidden=\"true\"><\/i>\n\t\t\t\t\t\t<span class=\"elementor-screen-only\">Next<\/span>\n\t\t\t\t\t<\/div>\n\t\t\t\t\t\t\t\t\t<\/div>\n\t\t\t\t<\/div>\n\t\t\t\t<\/div>\n\t\t\t\t<div class=\"elementor-element elementor-element-95e0f7e elementor-arrows-position-inside elementor-widget elementor-widget-image-carousel\" data-id=\"95e0f7e\" data-element_type=\"widget\" data-settings=\"{&quot;navigation&quot;:&quot;arrows&quot;,&quot;autoplay&quot;:&quot;yes&quot;,&quot;pause_on_hover&quot;:&quot;yes&quot;,&quot;pause_on_interaction&quot;:&quot;yes&quot;,&quot;autoplay_speed&quot;:5000,&quot;infinite&quot;:&quot;yes&quot;,&quot;speed&quot;:500}\" data-widget_type=\"image-carousel.default\">\n\t\t\t\t<div class=\"elementor-widget-container\">\n\t\t\t\t\t<div class=\"elementor-image-carousel-wrapper swiper-container\" dir=\"ltr\">\n\t\t\t<div class=\"elementor-image-carousel swiper-wrapper\">\n\t\t\t\t<div class=\"swiper-slide\"><figure class=\"swiper-slide-inner\"><img decoding=\"async\" class=\"swiper-slide-image\" src=\"https:\/\/forraspanzio.ro\/wp-content\/uploads\/2020\/06\/2_0.jpg\" alt=\"forras panzio\" \/><\/figure><\/div><div class=\"swiper-slide\"><figure class=\"swiper-slide-inner\"><img decoding=\"async\" class=\"swiper-slide-image\" src=\"https:\/\/forraspanzio.ro\/wp-content\/uploads\/2020\/06\/3_0.jpg\" alt=\"forras panzio\" \/><\/figure><\/div><div class=\"swiper-slide\"><figure class=\"swiper-slide-inner\"><img decoding=\"async\" class=\"swiper-slide-image\" src=\"https:\/\/forraspanzio.ro\/wp-content\/uploads\/2020\/06\/1_0.jpg\" alt=\"forras panzio\" \/><\/figure><\/div>\t\t\t<\/div>\n\t\t\t\t\t\t\t\t\t\t\t\t\t\t\t\t<div class=\"elementor-swiper-button elementor-swiper-button-prev\">\n\t\t\t\t\t\t<i class=\"eicon-chevron-left\" aria-hidden=\"true\"><\/i>\n\t\t\t\t\t\t<span class=\"elementor-screen-only\">Previous<\/span>\n\t\t\t\t\t<\/div>\n\t\t\t\t\t<div class=\"elementor-swiper-button elementor-swiper-button-next\">\n\t\t\t\t\t\t<i class=\"eicon-chevron-right\" aria-hidden=\"true\"><\/i>\n\t\t\t\t\t\t<span class=\"elementor-screen-only\">Next<\/span>\n\t\t\t\t\t<\/div>\n\t\t\t\t\t\t\t\t\t<\/div>\n\t\t\t\t<\/div>\n\t\t\t\t<\/div>\n\t\t\t\t<div class=\"elementor-element elementor-element-381d317 elementor-widget elementor-widget-text-editor\" data-id=\"381d317\" data-element_type=\"widget\" data-widget_type=\"text-editor.default\">\n\t\t\t\t<div class=\"elementor-widget-container\">\n\t\t\t\t\t\t\t\t<div class=\"elementor-text-editor elementor-clearfix\">\n\t\t\t\t\t<p><!-- wp:paragraph {\"align\":\"center\"} --><\/p>\n<p><em>\u00dcdv\u00f6z\u00f6lj\u00fck a Forr\u00e1s Panzi\u00f3ban, ahol a hagyom\u00e1ny tal\u00e1lkozik a k\u00e9nyelemmel a fest\u0151i Korond sz\u00edv\u00e9ben. T\u00f6ltse pihen\u00e9s\u00e9t igazi erd\u00e9lyi hangulatban, ahol minden szoba a helyi hagyom\u00e1nyok szerint van berendezve, \u00edgy biztos\u00edtva a teljes kikapcsol\u00f3d\u00e1st \u00e9s nyugalmat. Panzi\u00f3nk ide\u00e1lis v\u00e1laszt\u00e1s csal\u00e1doknak, p\u00e1roknak \u00e9s minden term\u00e9szetkedvel\u0151nek.<\/em><\/p>\n<p><em>\u00c9lvezze a h\u00e1zias \u00edzeket \u00e9tterm\u00fcnkben, ahol a helyi alapanyagokb\u00f3l k\u00e9sz\u00fclt \u00e9telek garant\u00e1lj\u00e1k az \u00edzlel\u0151bimb\u00f3k kalandj\u00e1t. A k\u00f6rny\u00e9k rengeteg l\u00e1tnival\u00f3t k\u00edn\u00e1l, bele\u00e9rtve a k\u00e9zm\u0171ves m\u0171helyeket, ahol megismerheti a hagyom\u00e1nyos ker\u00e1mia k\u00e9sz\u00edt\u00e9s fort\u00e9lyait.<\/em><\/p>\n<p><em>L\u00e1togasson el hozz\u00e1nk, \u00e9s tapasztalja meg az erd\u00e9lyi vend\u00e9gszeretetet, amely eml\u00e9kezetess\u00e9 teszi Korondi tart\u00f3zkod\u00e1s\u00e1t. A Forr\u00e1s Panzi\u00f3 t\u00f6k\u00e9letes kiindul\u00f3pontja a k\u00f6rny\u00e9k felfedez\u00e9s\u00e9nek. Foglalja le sz\u00e1ll\u00e1s\u00e1t m\u00e9g ma, \u00e9s mer\u00fclj\u00f6n el Erd\u00e9ly sz\u00edv\u00e9ben!<\/em><\/p>\n<p><!-- \/wp:paragraph --><\/p>\n<p><!-- wp:quote --><\/p>\n<blockquote class=\"wp-block-quote\">\n<p>Nagy udvarral, terasszal, grillez\u00e9si lehet\u0151s\u00e9ggel, gyerekeknek kialak\u00edtott j\u00e1tsz\u00f3t\u00e9rrel, z\u00e1rt ingyenes parkol\u00f3val, nyugalmas kikapcsol\u00f3d\u00e1si helyk\u00e9nt szolg\u00e1l \u00d6nnek \u00e9s csal\u00e1dj\u00e1nak.<\/p>\n<\/blockquote>\n<p><!-- \/wp:quote --><\/p>\n<p><!-- wp:paragraph --><\/p>\n<p><i>Vend\u00e9geink -k\u00e9t, -h\u00e1rom, illetve -n\u00e9gy\u00e1gyas szob\u00e1kban sz\u00e1llhatnak meg, melyek alapfelszerelts\u00e9ge: h\u0171t\u0151szekr\u00e9ny, f\u00fcrd\u0151szoba, k\u00f6zponti f\u0171t\u00e9s.<\/i><\/p>\n<p><!-- \/wp:paragraph --><\/p>\t\t\t\t\t<\/div>\n\t\t\t\t\t\t<\/div>\n\t\t\t\t<\/div>\n\t\t\t\t<div class=\"elementor-element elementor-element-09a7524 elementor-arrows-position-inside elementor-widget elementor-widget-image-carousel\" data-id=\"09a7524\" data-element_type=\"widget\" data-settings=\"{&quot;navigation&quot;:&quot;arrows&quot;,&quot;autoplay&quot;:&quot;yes&quot;,&quot;pause_on_hover&quot;:&quot;yes&quot;,&quot;pause_on_interaction&quot;:&quot;yes&quot;,&quot;autoplay_speed&quot;:5000,&quot;infinite&quot;:&quot;yes&quot;,&quot;speed&quot;:500}\" data-widget_type=\"image-carousel.default\">\n\t\t\t\t<div class=\"elementor-widget-container\">\n\t\t\t\t\t<div class=\"elementor-image-carousel-wrapper swiper-container\" dir=\"ltr\">\n\t\t\t<div class=\"elementor-image-carousel swiper-wrapper\">\n\t\t\t\t<div class=\"swiper-slide\"><figure class=\"swiper-slide-inner\"><img decoding=\"async\" class=\"swiper-slide-image\" src=\"https:\/\/forraspanzio.ro\/wp-content\/uploads\/2020\/06\/4_0-1.jpg\" alt=\"4_0\" \/><\/figure><\/div><div class=\"swiper-slide\"><figure class=\"swiper-slide-inner\"><img decoding=\"async\" class=\"swiper-slide-image\" src=\"https:\/\/forraspanzio.ro\/wp-content\/uploads\/2020\/06\/5_0-1.jpg\" alt=\"5_0\" \/><\/figure><\/div><div class=\"swiper-slide\"><figure class=\"swiper-slide-inner\"><img decoding=\"async\" class=\"swiper-slide-image\" src=\"https:\/\/forraspanzio.ro\/wp-content\/uploads\/2020\/06\/7_0-1.jpg\" alt=\"7_0\" \/><\/figure><\/div>\t\t\t<\/div>\n\t\t\t\t\t\t\t\t\t\t\t\t\t\t\t\t<div class=\"elementor-swiper-button elementor-swiper-button-prev\">\n\t\t\t\t\t\t<i class=\"eicon-chevron-left\" aria-hidden=\"true\"><\/i>\n\t\t\t\t\t\t<span class=\"elementor-screen-only\">Previous<\/span>\n\t\t\t\t\t<\/div>\n\t\t\t\t\t<div class=\"elementor-swiper-button elementor-swiper-button-next\">\n\t\t\t\t\t\t<i class=\"eicon-chevron-right\" aria-hidden=\"true\"><\/i>\n\t\t\t\t\t\t<span class=\"elementor-screen-only\">Next<\/span>\n\t\t\t\t\t<\/div>\n\t\t\t\t\t\t\t\t\t<\/div>\n\t\t\t\t<\/div>\n\t\t\t\t<\/div>\n\t\t\t\t<div class=\"elementor-element elementor-element-302f2f0 elementor-widget elementor-widget-text-editor\" data-id=\"302f2f0\" data-element_type=\"widget\" data-widget_type=\"text-editor.default\">\n\t\t\t\t<div class=\"elementor-widget-container\">\n\t\t\t\t\t\t\t\t<div class=\"elementor-text-editor elementor-clearfix\">\n\t\t\t\t\t<p class=\"has-text-align-center\">\u00a0<\/p>\n<p><!-- \/wp:paragraph --><\/p>\n<p><!-- wp:quote --><\/p>\n<blockquote class=\"wp-block-quote\">\n<p>Panzi\u00f3nk a csal\u00e1di vend\u00e9gl\u00e1t\u00e1s bar\u00e1ti hangulat\u00e1t id\u00e9zi h\u00e1zias \u00e9telekkel, sz\u00edv\u00e9lyes kiszolg\u00e1l\u00e1ssal. A sz\u00e9kelyes \u00edz vil\u00e1got keres\u0151k nem fognak csal\u00f3dni szak\u00e1csainkban, hisz a f\u00e9lpanzi\u00f3s ell\u00e1t\u00e1son k\u00edv\u00fcl ig\u00e9ny szerint kerti bogr\u00e1csoz\u00e1ssal, t\u00e1bort\u00fczes est\u00e9vel is \u00e1llunk rendelkez\u00e9s\u00fckre.<\/p>\n<\/blockquote>\n<p><!-- \/wp:quote --><\/p>\n<p><!-- wp:paragraph --><\/p>\n<p><i>Parkol\u00e1s\u00a0d\u00edjmentes az \u00e9p\u00fclet m\u00f6g\u00f6tti z\u00e1rt udvar\u00e1ban, innen lehet\u0151s\u00e9g ny\u00edlik s\u00e9t\u00e1lni a gy\u00fcm\u00f6lcs\u00f6sben. Ha kedv\u00fck t\u00e1mad grillez\u00e9sre a domboldalon t\u00e1lalhat\u00f3 filag\u00f3ria a j\u00f3 v\u00e1laszt\u00e1s. Gyereknek kialak\u00edtott j\u00e1tsz\u00f3t\u00e9r, hinta \u00e9s focip\u00e1lya teszi sz\u00ednesebb\u00e9 az itt elt\u00f6lt\u00f6tt napokat.<\/i><\/p>\n<p><!-- \/wp:paragraph --><\/p>\n<p><!-- wp:paragraph --><\/p>\n<p><i><strong>A panzi\u00f3 mellett<\/strong>\u00a0tal\u00e1lhat\u00f3 a Di\u00f3m\u00e1li-forr\u00e1s, innen kapta nev\u00e9t a vend\u00e9gh\u00e1zunk:) vasas borviz\u00e9nek hozama el\u00e9ri a napi 100000 litert, gy\u00f3gyv\u00edzk\u00e9nt javallhat\u00f3 gyomor- \u00e9s b\u00e9lhurut, v\u00e9rszeg\u00e9nys\u00e9g eset\u00e9n.<\/i><\/p>\n<p><!-- \/wp:paragraph --><\/p>\t\t\t\t\t<\/div>\n\t\t\t\t\t\t<\/div>\n\t\t\t\t<\/div>\n\t\t\t\t\t\t<\/div>\n\t\t\t\t\t<\/div>\n\t\t<\/div>\n\t\t\t\t\t\t\t\t<\/div>\n\t\t\t\t\t<\/div>\n\t\t<\/section>\n\t\t\t\t\t\t<\/div>\n\t\t\t\t\t\t<\/div>\n\t\t\t\t\t<\/div>\n\t\t","protected":false},"excerpt":{"rendered":"<p>Previous Next Previous Next \u00dcdv\u00f6z\u00f6lj\u00fck a Forr\u00e1s Panzi\u00f3ban, ahol a hagyom\u00e1ny tal\u00e1lkozik a k\u00e9nyelemmel a fest\u0151i Korond sz\u00edv\u00e9ben. T\u00f6ltse pihen\u00e9s\u00e9t igazi erd\u00e9lyi hangulatban, ahol minden szoba a helyi hagyom\u00e1nyok szerint van berendezve, \u00edgy biztos\u00edtva a teljes kikapcsol\u00f3d\u00e1st \u00e9s nyugalmat. Panzi\u00f3nk ide\u00e1lis v\u00e1laszt\u00e1s csal\u00e1doknak, p\u00e1roknak \u00e9s minden term\u00e9szetkedvel\u0151nek. \u00c9lvezze a h\u00e1zias \u00edzeket \u00e9tterm\u00fcnkben, ahol a helyi alapanyagokb\u00f3l k\u00e9sz\u00fclt \u00e9telek garant\u00e1lj\u00e1k az &hellip; <\/p>\n","protected":false},"author":1,"featured_media":0,"parent":0,"menu_order":0,"comment_status":"closed","ping_status":"open","template":"","meta":{"footnotes":""},"class_list":["post-2","page","type-page","status-publish","hentry"],"_links":{"self":[{"href":"https:\/\/forraspanzio.ro\/index.php\/wp-json\/wp\/v2\/pages\/2","targetHints":{"allow":["GET"]}}],"collection":[{"href":"https:\/\/forraspanzio.ro\/index.php\/wp-json\/wp\/v2\/pages"}],"about":[{"href":"https:\/\/forraspanzio.ro\/index.php\/wp-json\/wp\/v2\/types\/page"}],"author":[{"embeddable":true,"href":"https:\/\/forraspanzio.ro\/index.php\/wp-json\/wp\/v2\/users\/1"}],"replies":[{"embeddable":true,"href":"https:\/\/forraspanzio.ro\/index.php\/wp-json\/wp\/v2\/comments?post=2"}],"version-history":[{"count":9,"href":"https:\/\/forraspanzio.ro\/index.php\/wp-json\/wp\/v2\/pages\/2\/revisions"}],"predecessor-version":[{"id":270,"href":"https:\/\/forraspanzio.ro\/index.php\/wp-json\/wp\/v2\/pages\/2\/revisions\/270"}],"wp:attachment":[{"href":"https:\/\/forraspanzio.ro\/index.php\/wp-json\/wp\/v2\/media?parent=2"}],"curies":[{"name":"wp","href":"https:\/\/api.w.org\/{rel}","templated":true}]}}